{"id":1392,"date":"2022-12-11T12:58:18","date_gmt":"2022-12-11T09:58:18","guid":{"rendered":"https:\/\/lambda-linha.pt\/?post_type=product&#038;p=1392"},"modified":"2022-12-11T13:18:59","modified_gmt":"2022-12-11T10:18:59","slug":"er9000","status":"publish","type":"product","link":"https:\/\/lambda-linha.pt\/pt\/products\/er9000\/","title":{"rendered":"ER9000"},"content":{"rendered":"<p class=\"qtranxs-available-languages-message qtranxs-available-languages-message-pt\">Desculpe, este conte\u00fado s\u00f3 est\u00e1 dispon\u00edvel em <a href=\"https:\/\/lambda-linha.pt\/en\/wp-json\/wp\/v2\/product\/1392\" class=\"qtranxs-available-language-link qtranxs-available-language-link-en\" title=\"En\">Ingl\u00eas (Eua)<\/a>.<\/p>","protected":false},"excerpt":{"rendered":"<p class=\"qtranxs-available-languages-message qtranxs-available-languages-message-pt\">Desculpe, este conte\u00fado s\u00f3 est\u00e1 dispon\u00edvel em <a href=\"https:\/\/lambda-linha.pt\/en\/wp-json\/wp\/v2\/product\/1392\" class=\"qtranxs-available-language-link qtranxs-available-language-link-en\" title=\"En\">Ingl\u00eas (Eua)<\/a>.<\/p>\n","protected":false},"featured_media":1393,"template":"","meta":{"om_disable_all_campaigns":false,"_monsterinsights_skip_tracking":false,"_monsterinsights_sitenote_active":false,"_monsterinsights_sitenote_note":"","_monsterinsights_sitenote_category":0},"product_cat":[187],"product_tag":[100,263],"acf":[],"aioseo_notices":[],"_links":{"self":[{"href":"https:\/\/lambda-linha.pt\/pt\/wp-json\/wp\/v2\/product\/1392"}],"collection":[{"href":"https:\/\/lambda-linha.pt\/pt\/wp-json\/wp\/v2\/product"}],"about":[{"href":"https:\/\/lambda-linha.pt\/pt\/wp-json\/wp\/v2\/types\/product"}],"wp:featuredmedia":[{"embeddable":true,"href":"https:\/\/lambda-linha.pt\/pt\/wp-json\/wp\/v2\/media\/1393"}],"wp:attachment":[{"href":"https:\/\/lambda-linha.pt\/pt\/wp-json\/wp\/v2\/media?parent=1392"}],"wp:term":[{"taxonomy":"product_cat","embeddable":true,"href":"https:\/\/lambda-linha.pt\/pt\/wp-json\/wp\/v2\/product_cat?post=1392"},{"taxonomy":"product_tag","embeddable":true,"href":"https:\/\/lambda-linha.pt\/pt\/wp-json\/wp\/v2\/product_tag?post=1392"}],"curies":[{"name":"wp","href":"https:\/\/api.w.org\/{rel}","templated":true}]}}