{"id":1344,"date":"2022-10-16T19:16:33","date_gmt":"2022-10-16T16:16:33","guid":{"rendered":"https:\/\/lambda-linha.pt\/?post_type=product&#038;p=1344"},"modified":"2022-10-16T19:47:02","modified_gmt":"2022-10-16T16:47:02","slug":"gw","status":"publish","type":"product","link":"https:\/\/lambda-linha.pt\/pt\/products\/gw\/","title":{"rendered":"DAMM GW Node"},"content":{"rendered":"<p class=\"qtranxs-available-languages-message qtranxs-available-languages-message-pt\">Desculpe, este conte\u00fado s\u00f3 est\u00e1 dispon\u00edvel em <a href=\"https:\/\/lambda-linha.pt\/en\/wp-json\/wp\/v2\/product\/1344\" class=\"qtranxs-available-language-link qtranxs-available-language-link-en\" title=\"En\">Ingl\u00eas (Eua)<\/a>.<\/p>","protected":false},"excerpt":{"rendered":"<p class=\"qtranxs-available-languages-message qtranxs-available-languages-message-pt\">Desculpe, este conte\u00fado s\u00f3 est\u00e1 dispon\u00edvel em <a href=\"https:\/\/lambda-linha.pt\/en\/wp-json\/wp\/v2\/product\/1344\" class=\"qtranxs-available-language-link qtranxs-available-language-link-en\" title=\"En\">Ingl\u00eas (Eua)<\/a>.<\/p>\n","protected":false},"featured_media":1345,"template":"","meta":{"om_disable_all_campaigns":false,"_monsterinsights_skip_tracking":false,"_monsterinsights_sitenote_active":false,"_monsterinsights_sitenote_note":"","_monsterinsights_sitenote_category":0},"product_cat":[179,188,171],"product_tag":[263,215],"acf":[],"aioseo_notices":[],"_links":{"self":[{"href":"https:\/\/lambda-linha.pt\/pt\/wp-json\/wp\/v2\/product\/1344"}],"collection":[{"href":"https:\/\/lambda-linha.pt\/pt\/wp-json\/wp\/v2\/product"}],"about":[{"href":"https:\/\/lambda-linha.pt\/pt\/wp-json\/wp\/v2\/types\/product"}],"wp:featuredmedia":[{"embeddable":true,"href":"https:\/\/lambda-linha.pt\/pt\/wp-json\/wp\/v2\/media\/1345"}],"wp:attachment":[{"href":"https:\/\/lambda-linha.pt\/pt\/wp-json\/wp\/v2\/media?parent=1344"}],"wp:term":[{"taxonomy":"product_cat","embeddable":true,"href":"https:\/\/lambda-linha.pt\/pt\/wp-json\/wp\/v2\/product_cat?post=1344"},{"taxonomy":"product_tag","embeddable":true,"href":"https:\/\/lambda-linha.pt\/pt\/wp-json\/wp\/v2\/product_tag?post=1344"}],"curies":[{"name":"wp","href":"https:\/\/api.w.org\/{rel}","templated":true}]}}