{"id":1310,"date":"2022-10-12T00:26:20","date_gmt":"2022-10-11T21:26:20","guid":{"rendered":"https:\/\/lambda-linha.pt\/?post_type=product&#038;p=1310"},"modified":"2025-09-27T00:14:23","modified_gmt":"2025-09-26T21:14:23","slug":"bs422","status":"publish","type":"product","link":"https:\/\/lambda-linha.pt\/pt\/products\/bs422\/","title":{"rendered":"BS422 esta\u00e7\u00e3o base inovativa"},"content":{"rendered":"<p class=\"qtranxs-available-languages-message qtranxs-available-languages-message-pt\">Desculpe, este conte\u00fado s\u00f3 est\u00e1 dispon\u00edvel em <a href=\"https:\/\/lambda-linha.pt\/en\/wp-json\/wp\/v2\/product\/1310\" class=\"qtranxs-available-language-link qtranxs-available-language-link-en\" title=\"En\">Ingl\u00eas (Eua)<\/a>.<\/p>","protected":false},"excerpt":{"rendered":"<p class=\"qtranxs-available-languages-message qtranxs-available-languages-message-pt\">Desculpe, este conte\u00fado s\u00f3 est\u00e1 dispon\u00edvel em <a href=\"https:\/\/lambda-linha.pt\/en\/wp-json\/wp\/v2\/product\/1310\" class=\"qtranxs-available-language-link qtranxs-available-language-link-en\" title=\"En\">Ingl\u00eas (Eua)<\/a>.<\/p>\n","protected":false},"featured_media":1307,"template":"","meta":{"om_disable_all_campaigns":false,"_monsterinsights_skip_tracking":false,"_monsterinsights_sitenote_active":false,"_monsterinsights_sitenote_note":"","_monsterinsights_sitenote_category":0},"product_cat":[179,188],"product_tag":[100,263,215],"acf":[],"aioseo_notices":[],"_links":{"self":[{"href":"https:\/\/lambda-linha.pt\/pt\/wp-json\/wp\/v2\/product\/1310"}],"collection":[{"href":"https:\/\/lambda-linha.pt\/pt\/wp-json\/wp\/v2\/product"}],"about":[{"href":"https:\/\/lambda-linha.pt\/pt\/wp-json\/wp\/v2\/types\/product"}],"wp:featuredmedia":[{"embeddable":true,"href":"https:\/\/lambda-linha.pt\/pt\/wp-json\/wp\/v2\/media\/1307"}],"wp:attachment":[{"href":"https:\/\/lambda-linha.pt\/pt\/wp-json\/wp\/v2\/media?parent=1310"}],"wp:term":[{"taxonomy":"product_cat","embeddable":true,"href":"https:\/\/lambda-linha.pt\/pt\/wp-json\/wp\/v2\/product_cat?post=1310"},{"taxonomy":"product_tag","embeddable":true,"href":"https:\/\/lambda-linha.pt\/pt\/wp-json\/wp\/v2\/product_tag?post=1310"}],"curies":[{"name":"wp","href":"https:\/\/api.w.org\/{rel}","templated":true}]}}